{"id":33,"date":"2025-06-07T15:44:07","date_gmt":"2025-06-07T13:44:07","guid":{"rendered":"http:\/\/localhost:8888\/BDS-UHH\/?page_id=33"},"modified":"2026-04-16T06:04:23","modified_gmt":"2026-04-16T06:04:23","slug":"bildung","status":"publish","type":"page","link":"https:\/\/bds-uhh.org\/en\/bildung\/","title":{"rendered":"education"},"content":{"rendered":"<hr class=\"wp-block-separator alignwide has-alpha-channel-opacity\"\/>\n\n\n\n<h2 class=\"wp-block-heading\">Film<\/h2>\n\n\n\n<figure class=\"wp-block-embed is-type-video is-provider-youtube wp-block-embed-youtube wp-embed-aspect-16-9 wp-has-aspect-ratio\"><div class=\"wp-block-embed__wrapper\">\n<iframe loading=\"lazy\" title=\"Boycott: Official Trailer\" width=\"500\" height=\"281\" src=\"https:\/\/www.youtube.com\/embed\/FAMAFyR7L9U?feature=oembed\" frameborder=\"0\" allow=\"accelerometer; autoplay; clipboard-write; encrypted-media; gyroscope; picture-in-picture; web-share\" referrerpolicy=\"strict-origin-when-cross-origin\" allowfullscreen><\/iframe>\n<\/div><\/figure>\n\n\n\n<p class=\" translation-block\">In 2021, Just Vision released a documentary film titled \u201cBoycott,\u201d which deals with anti-BDS laws and anti-boycott laws in America.\nThe film follows three Americans who sued their state governments after they terminated their business contracts because they refused to sign pledges not to boycott Israel.<\/p>\n\n\n\n<p class=\" translation-block\">The documentary was directed by Julia Bacha, who has previously made critical films about the Israeli occupation, often in collaboration with Just Vision.\n\u201cBoicot\u201d aims to refute dangerous mainstream narratives, inform the public, and inspire communities to take action.<\/p>\n\n\n\n<p>For those who wish to host a screening of \u201cBoycott,\u201d Just Vision provides resources and materials to facilitate discussion and further engagement.<\/p>\n\n\n\n<p><a href=\"https:\/\/justvision.org\/boycott\">https:\/\/justvision.org\/boycott<\/a><\/p>\n\n\n\n<hr class=\"wp-block-separator alignwide has-alpha-channel-opacity\"\/>\n\n\n\n<h2 class=\"wp-block-heading\">book<\/h2>\n\n\n\n<div class=\"wp-block-columns is-layout-flex wp-container-core-columns-is-layout-28f84493 wp-block-columns-is-layout-flex\">\n<div class=\"wp-block-column is-layout-flow wp-block-column-is-layout-flow\">\n<figure class=\"wp-block-image aligncenter size-full\"><img data-recalc-dims=\"1\" loading=\"lazy\" decoding=\"async\" width=\"676\" height=\"1022\" src=\"https:\/\/i0.wp.com\/bds-uhh.org\/wp-content\/uploads\/2025\/09\/towers_of_ivory_and_steel.png?resize=676%2C1022&#038;ssl=1\" alt=\"\" class=\"wp-image-81\" srcset=\"https:\/\/i0.wp.com\/bds-uhh.org\/wp-content\/uploads\/2025\/09\/towers_of_ivory_and_steel.png?w=676&amp;ssl=1 676w, https:\/\/i0.wp.com\/bds-uhh.org\/wp-content\/uploads\/2025\/09\/towers_of_ivory_and_steel.png?resize=198%2C300&amp;ssl=1 198w\" sizes=\"auto, (max-width: 676px) 100vw, 676px\" \/><figcaption class=\"wp-element-caption\"><a href=\"https:\/\/www.mayaywind.com\/book\" target=\"_blank\" rel=\"noreferrer noopener\">https:\/\/www.mayaywind.com\/book<\/a><\/figcaption><\/figure>\n<\/div>\n\n\n\n<div class=\"wp-block-column is-layout-flow wp-block-column-is-layout-flow\">\n<p>Towers of Ivory and Steel: How Israeli Universities Deny Palestinian Freedom is a book by Maya Wind that critically examines the role of Israeli universities in the oppression of Palestinians. The book argues that these institutions are not, as is often assumed, bastions of freedom and democracy, but rather are deeply involved in maintaining the Israeli occupation and apartheid. <\/p>\n<\/div>\n<\/div>\n\n\n\n<p>Wind's research shows how academic disciplines, degree programs, campus infrastructure, and research laboratories at Israeli universities serve to support the Israeli state's policies of oppression, while simultaneously suppressing critical scholarship and dissenting opinions from students and faculty.<\/p>\n\n\n\n<p>The book has garnered much attention and praise for its thorough research and sharp criticism. It is described as a paradigm-shifting work that offers a detailed and forensic examination of the role of Israeli universities in the ongoing conflict.<\/p>\n\n\n\n<p>For those interested in learning more about the subject, Towers of Ivory and Steel is recommended for its comprehensive presentation and detailed arguments.<\/p>\n\n\n\n<hr class=\"wp-block-separator alignwide has-alpha-channel-opacity\"\/>\n\n\n\n<h2 class=\"wp-block-heading\">sources<\/h2>\n\n\n\n<div data-wp-interactive=\"core\/file\" class=\"wp-block-file\"><object data-wp-bind--hidden=\"!state.hasPdfPreview\" hidden class=\"wp-block-file__embed\" data=\"https:\/\/bds-uhh.org\/wp-content\/uploads\/2025\/09\/23_00325_geplante_partnerschaft_zwischen_der_universitaet_hamburg_und_der_universitaet_haifa-1.pdf\" type=\"application\/pdf\" style=\"width:100%;height:860px\" aria-label=\"Embed of 23_00325_geplante_partnerschaft_zwischen_der_universitaet_hamburg_und_der_universitaet_haifa.\"><\/object><a id=\"wp-block-file--media-d0564045-85cd-43a7-b4e8-83eefafad9b6\" href=\"https:\/\/bds-uhh.org\/wp-content\/uploads\/2025\/09\/23_00325_geplante_partnerschaft_zwischen_der_universitaet_hamburg_und_der_universitaet_haifa-1.pdf\">23_00325_geplante_partnerschaft_zwischen_der_universitaet_hamburg_und_der_universitaet_haifa<\/a><a href=\"https:\/\/bds-uhh.org\/wp-content\/uploads\/2025\/09\/23_00325_geplante_partnerschaft_zwischen_der_universitaet_hamburg_und_der_universitaet_haifa-1.pdf\" class=\"wp-block-file__button wp-element-button\" download aria-describedby=\"wp-block-file--media-d0564045-85cd-43a7-b4e8-83eefafad9b6\">Herunterladen<\/a><\/div>\n\n\n\n<div data-wp-interactive=\"core\/file\" class=\"wp-block-file\"><object data-wp-bind--hidden=\"!state.hasPdfPreview\" hidden class=\"wp-block-file__embed\" data=\"http:\/\/bds-uhh.org\/wp-content\/uploads\/2025\/09\/MDE1586682024ENGLISH.pdf\" type=\"application\/pdf\" style=\"width:100%;height:860px\" aria-label=\"Embed of MDE1586682024ENGLISH.\"><\/object><a id=\"wp-block-file--media-3a272945-8820-43d3-b4c0-ae2fc7f0d263\" href=\"http:\/\/bds-uhh.org\/wp-content\/uploads\/2025\/09\/MDE1586682024ENGLISH.pdf\">MDE1586682024ENGLISH<\/a><a href=\"http:\/\/bds-uhh.org\/wp-content\/uploads\/2025\/09\/MDE1586682024ENGLISH.pdf\" class=\"wp-block-file__button wp-element-button\" download aria-describedby=\"wp-block-file--media-3a272945-8820-43d3-b4c0-ae2fc7f0d263\">Herunterladen<\/a><\/div>\n\n\n\n<div data-wp-interactive=\"core\/file\" class=\"wp-block-file\"><object data-wp-bind--hidden=\"!state.hasPdfPreview\" hidden class=\"wp-block-file__embed\" data=\"http:\/\/bds-uhh.org\/wp-content\/uploads\/2025\/09\/PIIS0140673624011693-1.pdf\" type=\"application\/pdf\" style=\"width:100%;height:820px\" aria-label=\"Embed of PIIS0140673624011693.\"><\/object><a id=\"wp-block-file--media-e45458a6-d170-4ce8-a97b-6d4dd87474ed\" href=\"http:\/\/bds-uhh.org\/wp-content\/uploads\/2025\/09\/PIIS0140673624011693-1.pdf\">PIIS0140673624011693<\/a><a href=\"http:\/\/bds-uhh.org\/wp-content\/uploads\/2025\/09\/PIIS0140673624011693-1.pdf\" class=\"wp-block-file__button wp-element-button\" download aria-describedby=\"wp-block-file--media-e45458a6-d170-4ce8-a97b-6d4dd87474ed\">Herunterladen<\/a><\/div>\n\n\n\n<div data-wp-interactive=\"core\/file\" class=\"wp-block-file\"><object data-wp-bind--hidden=\"!state.hasPdfPreview\" hidden class=\"wp-block-file__embed\" data=\"http:\/\/bds-uhh.org\/wp-content\/uploads\/2025\/09\/PIIS0140673624026783-1.pdf\" type=\"application\/pdf\" style=\"width:100%;height:830px\" aria-label=\"Embed of PIIS0140673624026783.\"><\/object><a id=\"wp-block-file--media-3cc9e2af-b39c-4898-961c-ad1a787a5385\" href=\"http:\/\/bds-uhh.org\/wp-content\/uploads\/2025\/09\/PIIS0140673624026783-1.pdf\">PIIS0140673624026783<\/a><a href=\"http:\/\/bds-uhh.org\/wp-content\/uploads\/2025\/09\/PIIS0140673624026783-1.pdf\" class=\"wp-block-file__button wp-element-button\" download aria-describedby=\"wp-block-file--media-3cc9e2af-b39c-4898-961c-ad1a787a5385\">Herunterladen<\/a><\/div>\n\n\n\n<hr class=\"wp-block-separator alignwide has-alpha-channel-opacity\"\/>","protected":false},"excerpt":{"rendered":"<p>Film Just Vision ver\u00f6ffentlichte im Jahr 2021 einen Dokumentarfilm mit dem Titel \u201eBoycott\u201c, der sich mit Anti-BDS-Gesetzen und Anti-Boykott-Gesetzen in Amerika befasst.Der Film befasst sich mit den Klagen von drei Amerikanern gegen die Regierungen ihrer Bundesstaaten, die ihre Gesch\u00e4ftsvertr\u00e4ge gek\u00fcndigt hatten, weil sie sich weigerten, sich zu verpflichten, keinen Boykott gegen Israel zu betreiben. Der [&hellip;]<\/p>\n","protected":false},"author":1,"featured_media":0,"parent":0,"menu_order":0,"comment_status":"closed","ping_status":"closed","template":"","meta":{"footnotes":""},"class_list":["post-33","page","type-page","status-publish","hentry"],"jetpack_sharing_enabled":true,"_links":{"self":[{"href":"https:\/\/bds-uhh.org\/en\/wp-json\/wp\/v2\/pages\/33","targetHints":{"allow":["GET"]}}],"collection":[{"href":"https:\/\/bds-uhh.org\/en\/wp-json\/wp\/v2\/pages"}],"about":[{"href":"https:\/\/bds-uhh.org\/en\/wp-json\/wp\/v2\/types\/page"}],"author":[{"embeddable":true,"href":"https:\/\/bds-uhh.org\/en\/wp-json\/wp\/v2\/users\/1"}],"replies":[{"embeddable":true,"href":"https:\/\/bds-uhh.org\/en\/wp-json\/wp\/v2\/comments?post=33"}],"version-history":[{"count":2,"href":"https:\/\/bds-uhh.org\/en\/wp-json\/wp\/v2\/pages\/33\/revisions"}],"predecessor-version":[{"id":160,"href":"https:\/\/bds-uhh.org\/en\/wp-json\/wp\/v2\/pages\/33\/revisions\/160"}],"wp:attachment":[{"href":"https:\/\/bds-uhh.org\/en\/wp-json\/wp\/v2\/media?parent=33"}],"curies":[{"name":"wp","href":"https:\/\/api.w.org\/{rel}","templated":true}]}}